{"id":74,"date":"2017-03-23T18:26:05","date_gmt":"2017-03-23T17:26:05","guid":{"rendered":"https:\/\/asacbascobearnais.wordpress.com\/?page_id=74"},"modified":"2025-06-02T12:32:29","modified_gmt":"2025-06-02T10:32:29","slug":"9eme-rallye-tt-du-baretous","status":"publish","type":"page","link":"http:\/\/www.asac-bascobearnais.asso.fr\/?page_id=74","title":{"rendered":"Rallye TT du Bar\u00e9tous"},"content":{"rendered":"<p><strong>La 16\u00e8me \u00e9dition du Rallye TT du Bar\u00e9tous se d\u00e9roulera les 06, 07 et 08 Juin 2025.<\/strong><\/p>\n<p><strong>POUR LES\u00a0ENGAG\u00c9S\u00a0QUI SOUHAITENT FAIRE UN VIREMENT, VEUILLEZ TROUVER LE RIB DE L&rsquo;ECURIE\u2026<\/strong><a href=\"http:\/\/www.asac-bascobearnais.asso.fr\/wp-content\/uploads\/2023\/05\/RIB-BARETOUS.pdf\">RIB BARETOUS<\/a><\/p>\n<p><strong>MERCI DE NOUS FAIRE PARVENIR LA CONFIRMATION DU VIREMENT AFIN DE LE METTRE AVEC VOTRE ENGAGEMENT A L&rsquo;ADRESSE MAIL :<\/strong> <a href=\"mailto:asacpau@orange.fr\">asacpau@orange.fr<\/a><br \/>\n*ATTENTION AUCUN ENGAGEMENT NE SERA PRIS EN COMPTE SANS CETTE CONFIRMATION.<\/p>\n<p>VISA \/ RP : <a href=\"http:\/\/www.asac-bascobearnais.asso.fr\/wp-content\/uploads\/2025\/05\/VISA-FFSA-292-Rallye-Tout-Terrain-du-Baretous.pdf\">VISA FFSA 292 &#8211; Rallye Tout Terrain du Baretous<\/a><\/p>\n<p>Version PDF : <a href=\"http:\/\/www.asac-bascobearnais.asso.fr\/wp-content\/uploads\/2025\/03\/Bulletin-engagement-BARETOUS-.pdf\">Bulletin engagement BARETOUS<\/a><\/p>\n<p>Version word : <a href=\"http:\/\/www.asac-bascobearnais.asso.fr\/wp-content\/uploads\/2025\/03\/Bulletin-engagement-BARETOUS-docx.docx\">Bulletin engagement BARETOUS docx<\/a><br \/>\n(pour compl\u00e9ter le document veuillez a l&rsquo;enregistrer sur votre PC)<\/p>\n<p>Fiche navette : <a href=\"http:\/\/www.asac-bascobearnais.asso.fr\/wp-content\/uploads\/2025\/03\/Fiche-navette-verifs-.pdf\">Fiche navette v\u00e9rifs<\/a><\/p>\n<p>Liste des engag\u00e9s du 02\/06\/2025 :\u00a0 <a href=\"http:\/\/www.asac-bascobearnais.asso.fr\/wp-content\/uploads\/2025\/06\/Liste-des-engages-BARETOUS-.pdf\">Liste des engag\u00e9s BARETOUS<\/a><\/p>\n<p>Les horaires doivent \u00eatre respect\u00e9s :<\/p>\n","protected":false},"excerpt":{"rendered":"<p>La 16\u00e8me \u00e9dition du Rallye TT du Bar\u00e9tous se d\u00e9roulera les 06, 07 et 08 Juin 2025. POUR LES\u00a0ENGAG\u00c9S\u00a0QUI SOUHAITENT FAIRE UN VIREMENT, VEUILLEZ TROUVER LE RIB DE L&rsquo;ECURIE\u2026RIB BARETOUS MERCI DE NOUS FAIRE PARVENIR LA CONFIRMATION DU VIREMENT AFIN DE LE METTRE AVEC VOTRE ENGAGEMENT A L&rsquo;ADRESSE MAIL : asacpau@orange.fr *ATTENTION AUCUN ENGAGEMENT NE&hellip; <\/p>\n<p class=\"toivo-read-more\"><a href=\"http:\/\/www.asac-bascobearnais.asso.fr\/?page_id=74\" class=\"more-link\">Lire la suite <span class=\"screen-reader-text\">Rallye TT du Bar\u00e9tous<\/span><\/a><\/p>\n","protected":false},"author":1,"featured_media":0,"parent":70,"menu_order":0,"comment_status":"closed","ping_status":"closed","template":"","meta":{"footnotes":""},"_links":{"self":[{"href":"http:\/\/www.asac-bascobearnais.asso.fr\/index.php?rest_route=\/wp\/v2\/pages\/74"}],"collection":[{"href":"http:\/\/www.asac-bascobearnais.asso.fr\/index.php?rest_route=\/wp\/v2\/pages"}],"about":[{"href":"http:\/\/www.asac-bascobearnais.asso.fr\/index.php?rest_route=\/wp\/v2\/types\/page"}],"author":[{"embeddable":true,"href":"http:\/\/www.asac-bascobearnais.asso.fr\/index.php?rest_route=\/wp\/v2\/users\/1"}],"replies":[{"embeddable":true,"href":"http:\/\/www.asac-bascobearnais.asso.fr\/index.php?rest_route=%2Fwp%2Fv2%2Fcomments&post=74"}],"version-history":[{"count":87,"href":"http:\/\/www.asac-bascobearnais.asso.fr\/index.php?rest_route=\/wp\/v2\/pages\/74\/revisions"}],"predecessor-version":[{"id":3252,"href":"http:\/\/www.asac-bascobearnais.asso.fr\/index.php?rest_route=\/wp\/v2\/pages\/74\/revisions\/3252"}],"up":[{"embeddable":true,"href":"http:\/\/www.asac-bascobearnais.asso.fr\/index.php?rest_route=\/wp\/v2\/pages\/70"}],"wp:attachment":[{"href":"http:\/\/www.asac-bascobearnais.asso.fr\/index.php?rest_route=%2Fwp%2Fv2%2Fmedia&parent=74"}],"curies":[{"name":"wp","href":"https:\/\/api.w.org\/{rel}","templated":true}]}}