{"id":613,"date":"2017-10-04T14:06:52","date_gmt":"2017-10-04T12:06:52","guid":{"rendered":"http:\/\/www.asac-bascobearnais.asso.fr\/?page_id=613"},"modified":"2026-01-30T12:54:32","modified_gmt":"2026-01-30T11:54:32","slug":"36eme-rallye-tt-des-collines-darzacq","status":"publish","type":"page","link":"http:\/\/www.asac-bascobearnais.asso.fr\/?page_id=613","title":{"rendered":"Rallye TT des Collines d&rsquo;ARZACQ"},"content":{"rendered":"<p>La 43\u00e8me \u00e9dition du Rallye TT des Collines d&rsquo;ARZACQ au lieu le 06, 07 et 08 Mars 2026<\/p>\n<p><strong>POUR LES\u00a0ENGAG\u00c9S\u00a0QUI SOUHAITENT FAIRE UN VIREMENT, VEUILLEZ TROUVER LE RIB DE L\u2019ECURIE\u2026<a href=\"http:\/\/www.asac-bascobearnais.asso.fr\/wp-content\/uploads\/2023\/12\/RIB-.pdf\">RIB<\/a><\/strong><\/p>\n<p><strong>MERCI DE NOUS FAIRE PARVENIR LA CONFIRMATION DU VIREMENT AFIN DE LE METTRE AVEC VOTRE ENGAGEMENT A L\u2019ADRESSE MAIL : <a href=\"mailto:christian.grolleau734@orange.fr\">christian.grolleau734@orange.fr<\/a><\/strong><br \/>*ATTENTION AUCUN ENGAGEMENT NE SERA PRIS EN COMPTE SANS CETTE CONFIRMATION.<\/p>\n<p><a href=\"https:\/\/rallyedescollines.fr\">https:\/\/rallyedescollines.fr<\/a><\/p>\n<p>Vous trouverez \u00a0ci-dessous les informations disponibles \u00e0 ce jour<\/p>\n<p>Information Engagements 2026: <a href=\"http:\/\/www.asac-bascobearnais.asso.fr\/wp-content\/uploads\/2026\/01\/007-INFORMATIONS-UTILES-Collines-dArzacq.pdf\">007 &#8211; INFORMATIONS UTILES Collines d&rsquo;Arzacq<\/a> <a href=\"http:\/\/www.asac-bascobearnais.asso.fr\/wp-content\/uploads\/2026\/01\/008-USEFUL-INFORMATION-Collines-dArzacq.pdf\">008 &#8211; USEFUL INFORMATION Collines d&rsquo;Arzacq<\/a><\/p>\n<p>R\u00e8glement Particulier : <a href=\"http:\/\/www.asac-bascobearnais.asso.fr\/wp-content\/uploads\/2025\/01\/Visa-FFSA-29-Rallye-TT-des-Collines-dArzacq.pdf\">Visa FFSA 29 &#8211; Rallye TT des Collines d&rsquo;Arzacq &#8211; <\/a><a href=\"http:\/\/www.asac-bascobearnais.asso.fr\/wp-content\/uploads\/2026\/01\/002-Visa-FFSA-49-Special-Regulations-Rallye-TT-des-Collines-dArzacq.pdf\">002 &#8211; Visa FFSA 49 &#8211; Special Regulations Rallye TT des Collines d&rsquo;Arzacq<\/a><\/p>\n<p>Merci de remplir cette fiche pour les v\u00e9rifications administratives : <a href=\"http:\/\/www.asac-bascobearnais.asso.fr\/wp-content\/uploads\/2025\/01\/Fiche-navette-verifs-2024.pdf\">Fiche-navette-v\u00e9rifs &#8211; <\/a><a href=\"http:\/\/www.asac-bascobearnais.asso.fr\/wp-content\/uploads\/2026\/01\/005-FFSA-Feuille-denregistrement-des-equipements-de-securite-Verifications-Techniques-preleminaires-PILOTE.pdf\">005 &#8211; FFSA Feuille d&rsquo;enregistrement des \u00e9quipements de s\u00e9curit\u00e9 -V\u00e9rifications Techniques pr\u00e9l\u00e9minaires PILOTE<\/a><a href=\"http:\/\/www.asac-bascobearnais.asso.fr\/wp-content\/uploads\/2025\/01\/Fiche-navette-verifs-2024.pdf\"> &#8211; <\/a><a href=\"http:\/\/www.asac-bascobearnais.asso.fr\/wp-content\/uploads\/2026\/01\/006-FFSA-Feuille-denregistrement-des-equipements-de-securite-Verifications-Techniques-preleminaires-COPILOTE.pdf\">006 &#8211; FFSA Feuille d&rsquo;enregistrement des \u00e9quipements de s\u00e9curit\u00e9 -V\u00e9rifications Techniques pr\u00e9l\u00e9minaires COPILOTE<\/a><\/p>\n<p>Bulletin d&rsquo;engagement \u00a0: inscription sur le site de la FFSA (voir explications sur PDF joint) <a href=\"http:\/\/www.asac-bascobearnais.asso.fr\/wp-content\/uploads\/2026\/01\/003-FFSA-Engagement-nouvel-utilisateur.pdf\">003 &#8211; FFSA Engagement nouvel utilisateur<\/a> &#8211; <a href=\"http:\/\/www.asac-bascobearnais.asso.fr\/wp-content\/uploads\/2026\/01\/004-FFSA-Online-engagement-help.pdf\">004 &#8211; FFSA Online engagement help<\/a><\/p>\n<p>\u00a0<\/p>\n\n\n<figure class=\"wp-block-image size-large is-resized\"><img loading=\"lazy\" decoding=\"async\" width=\"682\" height=\"1024\" src=\"http:\/\/www.asac-bascobearnais.asso.fr\/wp-content\/uploads\/2026\/01\/AFFICHE-2026-OK-BAT-1-682x1024.jpeg\" alt=\"\" class=\"wp-image-3307\" style=\"width:329px;height:auto\" srcset=\"http:\/\/www.asac-bascobearnais.asso.fr\/wp-content\/uploads\/2026\/01\/AFFICHE-2026-OK-BAT-1-682x1024.jpeg 682w, http:\/\/www.asac-bascobearnais.asso.fr\/wp-content\/uploads\/2026\/01\/AFFICHE-2026-OK-BAT-1-200x300.jpeg 200w, http:\/\/www.asac-bascobearnais.asso.fr\/wp-content\/uploads\/2026\/01\/AFFICHE-2026-OK-BAT-1-768x1153.jpeg 768w, http:\/\/www.asac-bascobearnais.asso.fr\/wp-content\/uploads\/2026\/01\/AFFICHE-2026-OK-BAT-1-1023x1536.jpeg 1023w, http:\/\/www.asac-bascobearnais.asso.fr\/wp-content\/uploads\/2026\/01\/AFFICHE-2026-OK-BAT-1.jpeg 1066w\" sizes=\"(max-width: 682px) 100vw, 682px\" \/><\/figure>\n","protected":false},"excerpt":{"rendered":"<p>La 43\u00e8me \u00e9dition du Rallye TT des Collines d&rsquo;ARZACQ au lieu le 06, 07 et 08 Mars 2026 POUR LES\u00a0ENGAG\u00c9S\u00a0QUI SOUHAITENT FAIRE UN VIREMENT, VEUILLEZ TROUVER LE RIB DE L\u2019ECURIE\u2026RIB MERCI DE NOUS FAIRE PARVENIR LA CONFIRMATION DU VIREMENT AFIN DE LE METTRE AVEC VOTRE ENGAGEMENT A L\u2019ADRESSE MAIL : christian.grolleau734@orange.fr*ATTENTION AUCUN ENGAGEMENT NE SERA&hellip; <\/p>\n<p class=\"toivo-read-more\"><a href=\"http:\/\/www.asac-bascobearnais.asso.fr\/?page_id=613\" class=\"more-link\">Lire la suite <span class=\"screen-reader-text\">Rallye TT des Collines d&rsquo;ARZACQ<\/span><\/a><\/p>\n","protected":false},"author":1,"featured_media":0,"parent":70,"menu_order":0,"comment_status":"closed","ping_status":"closed","template":"","meta":{"footnotes":""},"_links":{"self":[{"href":"http:\/\/www.asac-bascobearnais.asso.fr\/index.php?rest_route=\/wp\/v2\/pages\/613"}],"collection":[{"href":"http:\/\/www.asac-bascobearnais.asso.fr\/index.php?rest_route=\/wp\/v2\/pages"}],"about":[{"href":"http:\/\/www.asac-bascobearnais.asso.fr\/index.php?rest_route=\/wp\/v2\/types\/page"}],"author":[{"embeddable":true,"href":"http:\/\/www.asac-bascobearnais.asso.fr\/index.php?rest_route=\/wp\/v2\/users\/1"}],"replies":[{"embeddable":true,"href":"http:\/\/www.asac-bascobearnais.asso.fr\/index.php?rest_route=%2Fwp%2Fv2%2Fcomments&post=613"}],"version-history":[{"count":106,"href":"http:\/\/www.asac-bascobearnais.asso.fr\/index.php?rest_route=\/wp\/v2\/pages\/613\/revisions"}],"predecessor-version":[{"id":3308,"href":"http:\/\/www.asac-bascobearnais.asso.fr\/index.php?rest_route=\/wp\/v2\/pages\/613\/revisions\/3308"}],"up":[{"embeddable":true,"href":"http:\/\/www.asac-bascobearnais.asso.fr\/index.php?rest_route=\/wp\/v2\/pages\/70"}],"wp:attachment":[{"href":"http:\/\/www.asac-bascobearnais.asso.fr\/index.php?rest_route=%2Fwp%2Fv2%2Fmedia&parent=613"}],"curies":[{"name":"wp","href":"https:\/\/api.w.org\/{rel}","templated":true}]}}