{"id":3062,"date":"2023-12-13T15:24:26","date_gmt":"2023-12-13T14:24:26","guid":{"rendered":"http:\/\/www.asac-bascobearnais.asso.fr\/?page_id=3062"},"modified":"2026-01-15T15:51:51","modified_gmt":"2026-01-15T14:51:51","slug":"formation-commissaires","status":"publish","type":"page","link":"http:\/\/www.asac-bascobearnais.asso.fr\/?page_id=3062","title":{"rendered":"FORMATION COMMISSAIRES"},"content":{"rendered":"\n<figure class=\"wp-block-gallery has-nested-images columns-default is-cropped wp-block-gallery-1 is-layout-flex wp-block-gallery-is-layout-flex\">\n<figure class=\"wp-block-image size-large\"><img loading=\"lazy\" decoding=\"async\" width=\"1024\" height=\"683\" data-id=\"1749\" src=\"http:\/\/www.asac-bascobearnais.asso.fr\/wp-content\/uploads\/2019\/12\/17603461241_4f4e6728b1_b-1024x683.jpg\" alt=\"\" class=\"wp-image-1749\" srcset=\"http:\/\/www.asac-bascobearnais.asso.fr\/wp-content\/uploads\/2019\/12\/17603461241_4f4e6728b1_b.jpg 1024w, http:\/\/www.asac-bascobearnais.asso.fr\/wp-content\/uploads\/2019\/12\/17603461241_4f4e6728b1_b-300x200.jpg 300w, http:\/\/www.asac-bascobearnais.asso.fr\/wp-content\/uploads\/2019\/12\/17603461241_4f4e6728b1_b-768x512.jpg 768w\" sizes=\"(max-width: 1024px) 100vw, 1024px\" \/><\/figure>\n<\/figure>\n\n\n\n<p><strong>Nous organisons cette ann\u00e9e la journ\u00e9e formation des nouveaux commissaires et renouvellement des licences le dimanche 15 f\u00e9vrier 2025<\/strong><\/p>\n\n\n\n<p>Si vous souhaitez obtenir davantage d\u2019informations, veuillez nous contacter au 06 08 49 53 67.<\/p>\n","protected":false},"excerpt":{"rendered":"<p>Nous organisons cette ann\u00e9e la journ\u00e9e formation des nouveaux commissaires et renouvellement des licences le dimanche 15 f\u00e9vrier 2025 Si vous souhaitez obtenir davantage d\u2019informations, veuillez nous contacter au 06 08 49 53 67.<\/p>\n","protected":false},"author":1,"featured_media":0,"parent":0,"menu_order":0,"comment_status":"closed","ping_status":"closed","template":"","meta":{"footnotes":""},"_links":{"self":[{"href":"http:\/\/www.asac-bascobearnais.asso.fr\/index.php?rest_route=\/wp\/v2\/pages\/3062"}],"collection":[{"href":"http:\/\/www.asac-bascobearnais.asso.fr\/index.php?rest_route=\/wp\/v2\/pages"}],"about":[{"href":"http:\/\/www.asac-bascobearnais.asso.fr\/index.php?rest_route=\/wp\/v2\/types\/page"}],"author":[{"embeddable":true,"href":"http:\/\/www.asac-bascobearnais.asso.fr\/index.php?rest_route=\/wp\/v2\/users\/1"}],"replies":[{"embeddable":true,"href":"http:\/\/www.asac-bascobearnais.asso.fr\/index.php?rest_route=%2Fwp%2Fv2%2Fcomments&post=3062"}],"version-history":[{"count":3,"href":"http:\/\/www.asac-bascobearnais.asso.fr\/index.php?rest_route=\/wp\/v2\/pages\/3062\/revisions"}],"predecessor-version":[{"id":3278,"href":"http:\/\/www.asac-bascobearnais.asso.fr\/index.php?rest_route=\/wp\/v2\/pages\/3062\/revisions\/3278"}],"wp:attachment":[{"href":"http:\/\/www.asac-bascobearnais.asso.fr\/index.php?rest_route=%2Fwp%2Fv2%2Fmedia&parent=3062"}],"curies":[{"name":"wp","href":"https:\/\/api.w.org\/{rel}","templated":true}]}}