{"id":29,"date":"2017-03-23T17:36:29","date_gmt":"2017-03-23T16:36:29","guid":{"rendered":"https:\/\/asacbascobearnais.wordpress.com\/?page_id=29"},"modified":"2026-01-15T16:03:52","modified_gmt":"2026-01-15T15:03:52","slug":"licences","status":"publish","type":"page","link":"http:\/\/www.asac-bascobearnais.asso.fr\/?page_id=29","title":{"rendered":"LICENCE 2026"},"content":{"rendered":"<p>Amis licenci\u00e9s,<\/p>\n<p style=\"text-align: left;\">Le formulaire de licence 2026 sera disponible sur le site de la FFSA \u00e0 partir du 15 D\u00e9cembre 2025.<\/p>\n<p style=\"text-align: left;\">Avant toute d\u00e9marche, il vous appartient de t\u00e9l\u00e9charger le certificat m\u00e9dical et la fiche m\u00e9dicale inclus dans ce formulaire, pour les faire compl\u00e9ter par le m\u00e9decin.<br \/>\nLe certificat m\u00e9dical devra \u00eatre scann\u00e9 et joint \u00e0 votre demande en ligne.<\/p>\n<p style=\"text-align: left;\">Voici le lien pour effectuer votre d\u00e9marche en ligne :<\/p>\n<p style=\"text-align: center;\"><a href=\"http:\/\/www.licence.ffsa.org\">http:\/\/www.licence.ffsa.org<\/a><\/p>\n<p style=\"text-align: left;\">\u00a0Pour 2026 , la d\u00e9livrance de ce document se fera de mani\u00e8re d\u00e9mat\u00e9rialis\u00e9e au travers d&rsquo;un format commerce aupr\u00e8s de la FFSA avec r\u00e8glement direct par vos soins<br \/>\n(incluant la cotisation ASA de 50,00 \u20ac)<br \/>\nau moment de valider votre demande, tout comme n&rsquo;importe quel site marchand, avec un panier d&rsquo;achat et une finalisation de commande.<br \/>\nNous restons bien entendu \u00e0 votre disposition pour tout renseignement et assistance dont vous pourriez avoir besoin dans le cadre de cette d\u00e9marche et vous souhaitons une excellente saison sportive 2026.<\/p>\n<p style=\"text-align: justify;\">\n","protected":false},"excerpt":{"rendered":"<p>Amis licenci\u00e9s, Le formulaire de licence 2026 sera disponible sur le site de la FFSA \u00e0 partir du 15 D\u00e9cembre 2025. Avant toute d\u00e9marche, il vous appartient de t\u00e9l\u00e9charger le certificat m\u00e9dical et la fiche m\u00e9dicale inclus dans ce formulaire, pour les faire compl\u00e9ter par le m\u00e9decin. Le certificat m\u00e9dical devra \u00eatre scann\u00e9 et joint&hellip; <\/p>\n<p class=\"toivo-read-more\"><a href=\"http:\/\/www.asac-bascobearnais.asso.fr\/?page_id=29\" class=\"more-link\">Lire la suite <span class=\"screen-reader-text\">LICENCE 2026<\/span><\/a><\/p>\n","protected":false},"author":1,"featured_media":0,"parent":0,"menu_order":0,"comment_status":"closed","ping_status":"closed","template":"","meta":{"footnotes":""},"_links":{"self":[{"href":"http:\/\/www.asac-bascobearnais.asso.fr\/index.php?rest_route=\/wp\/v2\/pages\/29"}],"collection":[{"href":"http:\/\/www.asac-bascobearnais.asso.fr\/index.php?rest_route=\/wp\/v2\/pages"}],"about":[{"href":"http:\/\/www.asac-bascobearnais.asso.fr\/index.php?rest_route=\/wp\/v2\/types\/page"}],"author":[{"embeddable":true,"href":"http:\/\/www.asac-bascobearnais.asso.fr\/index.php?rest_route=\/wp\/v2\/users\/1"}],"replies":[{"embeddable":true,"href":"http:\/\/www.asac-bascobearnais.asso.fr\/index.php?rest_route=%2Fwp%2Fv2%2Fcomments&post=29"}],"version-history":[{"count":33,"href":"http:\/\/www.asac-bascobearnais.asso.fr\/index.php?rest_route=\/wp\/v2\/pages\/29\/revisions"}],"predecessor-version":[{"id":3282,"href":"http:\/\/www.asac-bascobearnais.asso.fr\/index.php?rest_route=\/wp\/v2\/pages\/29\/revisions\/3282"}],"wp:attachment":[{"href":"http:\/\/www.asac-bascobearnais.asso.fr\/index.php?rest_route=%2Fwp%2Fv2%2Fmedia&parent=29"}],"curies":[{"name":"wp","href":"https:\/\/api.w.org\/{rel}","templated":true}]}}