{"id":126,"date":"2017-03-23T22:39:31","date_gmt":"2017-03-23T21:39:31","guid":{"rendered":"https:\/\/asacbascobearnais.wordpress.com\/?page_id=126"},"modified":"2023-12-13T14:26:50","modified_gmt":"2023-12-13T13:26:50","slug":"20eme-rallye-du-bearn","status":"publish","type":"page","link":"http:\/\/www.asac-bascobearnais.asso.fr\/?page_id=126","title":{"rendered":"Rallye du B\u00e9arn"},"content":{"rendered":"<h1><strong>Pas d&rsquo;\u00e9dition 2024 pour le Rallye du B\u00e9arn\u00a0<\/strong><\/h1>\n<p>\u00a0<\/p>\n\n\n<p><\/p>\n","protected":false},"excerpt":{"rendered":"<p>Pas d&rsquo;\u00e9dition 2024 pour le Rallye du B\u00e9arn\u00a0 \u00a0<\/p>\n","protected":false},"author":1,"featured_media":0,"parent":124,"menu_order":0,"comment_status":"closed","ping_status":"closed","template":"","meta":{"footnotes":""},"_links":{"self":[{"href":"http:\/\/www.asac-bascobearnais.asso.fr\/index.php?rest_route=\/wp\/v2\/pages\/126"}],"collection":[{"href":"http:\/\/www.asac-bascobearnais.asso.fr\/index.php?rest_route=\/wp\/v2\/pages"}],"about":[{"href":"http:\/\/www.asac-bascobearnais.asso.fr\/index.php?rest_route=\/wp\/v2\/types\/page"}],"author":[{"embeddable":true,"href":"http:\/\/www.asac-bascobearnais.asso.fr\/index.php?rest_route=\/wp\/v2\/users\/1"}],"replies":[{"embeddable":true,"href":"http:\/\/www.asac-bascobearnais.asso.fr\/index.php?rest_route=%2Fwp%2Fv2%2Fcomments&post=126"}],"version-history":[{"count":29,"href":"http:\/\/www.asac-bascobearnais.asso.fr\/index.php?rest_route=\/wp\/v2\/pages\/126\/revisions"}],"predecessor-version":[{"id":3031,"href":"http:\/\/www.asac-bascobearnais.asso.fr\/index.php?rest_route=\/wp\/v2\/pages\/126\/revisions\/3031"}],"up":[{"embeddable":true,"href":"http:\/\/www.asac-bascobearnais.asso.fr\/index.php?rest_route=\/wp\/v2\/pages\/124"}],"wp:attachment":[{"href":"http:\/\/www.asac-bascobearnais.asso.fr\/index.php?rest_route=%2Fwp%2Fv2%2Fmedia&parent=126"}],"curies":[{"name":"wp","href":"https:\/\/api.w.org\/{rel}","templated":true}]}}