{"id":102,"date":"2017-03-23T22:11:41","date_gmt":"2017-03-23T21:11:41","guid":{"rendered":"https:\/\/asacbascobearnais.wordpress.com\/?page_id=102"},"modified":"2025-08-12T19:20:58","modified_gmt":"2025-08-12T17:20:58","slug":"61eme-rallye-tt-des-cimes","status":"publish","type":"page","link":"http:\/\/www.asac-bascobearnais.asso.fr\/?page_id=102","title":{"rendered":"Rallye TT des Cimes"},"content":{"rendered":"<h3><em>La 69\u00e8me \u00e9dition du Rallye TT des Cimes se d\u00e9roulera les 05 , 06 et 07 Septembre 2025<\/em><\/h3>\n<p><em>http:\/\/www.ecuriedescimes.com<br \/>\n<\/em><\/p>\n<h5><strong>POUR LES ENGAG\u00c9S QUI SOUHAITENT FAIRE UN VIREMENT, VEUILLEZ TROUVER LE RIB DE L\u2019ECURIE\u2026<br \/>\n<a href=\"http:\/\/www.asac-bascobearnais.asso.fr\/wp-content\/uploads\/2023\/08\/RIB-Credit-Agricole-Pyrenees-Gascogne.pdf\">RIB &#8211; Cr\u00e9dit Agricole Pyr\u00e9n\u00e9es Gascogne\u00a0<\/a><br \/>\nATTENTION merci de bien vous identifiez avec votre N\u00b0 de Course &#8211; Nom &#8211; Pr\u00e9nom sur le libell\u00e9 du virement.\u00a0<\/strong><\/h5>\n<h6><strong>MERCI DE NOUS FAIRE PARVENIR LA CONFIRMATION DU VIREMENT AFIN DE LE METTRE AVEC VOTRE ENGAGEMENT A L\u2019ADRESSE MAIL :<\/strong> <a href=\"mailto:asacpau@orange.fr\">asacpau@orange.fr<\/a><br \/>\n*ATTENTION AUCUN ENGAGEMENT NE SERA PRIS EN COMPTE SANS CETTE CONFIRMATION.<\/h6>\n<p>VISA \/ REGLEMENT PARTICULIER \/ TIMING \u00a0: <a href=\"http:\/\/www.asac-bascobearnais.asso.fr\/wp-content\/uploads\/2025\/08\/VISA-FFSA-609-Rallye-TT-des-Cimes.pdf\">VISA FFSA 609 &#8211; Rallye TT des C\u00eemes<\/a><\/p>\n<p>Merci de remplir cette fiche pour les v\u00e9rifications administratives :<\/p>\n<p style=\"text-align: left;\">Version Excel : <a href=\"http:\/\/www.asac-bascobearnais.asso.fr\/wp-content\/uploads\/2025\/08\/Bulletin-engagement-CIMES-.xlsx\">Bulletin engagement CIMES<\/a><\/p>\n<p>Version PDF: <a href=\"http:\/\/www.asac-bascobearnais.asso.fr\/wp-content\/uploads\/2025\/08\/Bulletin-engagement-CIMES-.pdf\">Bulletin engagement CIMES<\/a><\/p>\n<p>Voici la fiche navette : <a href=\"http:\/\/www.asac-bascobearnais.asso.fr\/wp-content\/uploads\/2025\/08\/Fiche-navette-verifs-CIMES.pdf\">Fiche-navette-verifs-CIMES<\/a><\/p>\n<p><strong>Liste des engag\u00e9s d\u00e9finitive : en cours<\/strong><\/p>\n<p><strong>Liste des engag\u00e9s du \u00a0 \u00a0 \u00a0: en cours<\/strong><\/p>\n<p><strong>Les horaires de convocation doivent \u00eatre respect\u00e9s : en cours<\/strong><\/p>\n<p><a href=\"http:\/\/www.ecuriedescimes.com\">http:\/\/www.ecuriedescimes.com<\/a><\/p>\n","protected":false},"excerpt":{"rendered":"<p>La 69\u00e8me \u00e9dition du Rallye TT des Cimes se d\u00e9roulera les 05 , 06 et 07 Septembre 2025 http:\/\/www.ecuriedescimes.com POUR LES ENGAG\u00c9S QUI SOUHAITENT FAIRE UN VIREMENT, VEUILLEZ TROUVER LE RIB DE L\u2019ECURIE\u2026 RIB &#8211; Cr\u00e9dit Agricole Pyr\u00e9n\u00e9es Gascogne\u00a0 ATTENTION merci de bien vous identifiez avec votre N\u00b0 de Course &#8211; Nom &#8211; Pr\u00e9nom sur&hellip; <\/p>\n<p class=\"toivo-read-more\"><a href=\"http:\/\/www.asac-bascobearnais.asso.fr\/?page_id=102\" class=\"more-link\">Lire la suite <span class=\"screen-reader-text\">Rallye TT des Cimes<\/span><\/a><\/p>\n","protected":false},"author":1,"featured_media":0,"parent":70,"menu_order":0,"comment_status":"closed","ping_status":"closed","template":"","meta":{"footnotes":""},"_links":{"self":[{"href":"http:\/\/www.asac-bascobearnais.asso.fr\/index.php?rest_route=\/wp\/v2\/pages\/102"}],"collection":[{"href":"http:\/\/www.asac-bascobearnais.asso.fr\/index.php?rest_route=\/wp\/v2\/pages"}],"about":[{"href":"http:\/\/www.asac-bascobearnais.asso.fr\/index.php?rest_route=\/wp\/v2\/types\/page"}],"author":[{"embeddable":true,"href":"http:\/\/www.asac-bascobearnais.asso.fr\/index.php?rest_route=\/wp\/v2\/users\/1"}],"replies":[{"embeddable":true,"href":"http:\/\/www.asac-bascobearnais.asso.fr\/index.php?rest_route=%2Fwp%2Fv2%2Fcomments&post=102"}],"version-history":[{"count":128,"href":"http:\/\/www.asac-bascobearnais.asso.fr\/index.php?rest_route=\/wp\/v2\/pages\/102\/revisions"}],"predecessor-version":[{"id":3272,"href":"http:\/\/www.asac-bascobearnais.asso.fr\/index.php?rest_route=\/wp\/v2\/pages\/102\/revisions\/3272"}],"up":[{"embeddable":true,"href":"http:\/\/www.asac-bascobearnais.asso.fr\/index.php?rest_route=\/wp\/v2\/pages\/70"}],"wp:attachment":[{"href":"http:\/\/www.asac-bascobearnais.asso.fr\/index.php?rest_route=%2Fwp%2Fv2%2Fmedia&parent=102"}],"curies":[{"name":"wp","href":"https:\/\/api.w.org\/{rel}","templated":true}]}}